{"id":11335,"date":"2025-03-19T20:45:47","date_gmt":"2025-03-19T20:45:47","guid":{"rendered":"https:\/\/toradio.it\/new\/?page_id=11335"},"modified":"2025-03-19T21:48:50","modified_gmt":"2025-03-19T21:48:50","slug":"la-radio","status":"publish","type":"page","link":"https:\/\/toradio.it\/new\/la-radio\/","title":{"rendered":"La Radio"},"content":{"rendered":"\t\t<div data-elementor-type=\"wp-page\" data-elementor-id=\"11335\" class=\"elementor elementor-11335\">\n\t\t\t\t<div class=\"elementor-element elementor-element-fdfef68 e-con-full qodef-elementor-content-grid e-flex e-con e-parent\" data-id=\"fdfef68\" data-element_type=\"container\" data-settings=\"{&quot;background_background&quot;:&quot;classic&quot;}\">\n\t\t\t\t<div class=\"elementor-element elementor-element-4d990d0 elementor-widget elementor-widget-soundsphere_core_custom_font\" data-id=\"4d990d0\" data-element_type=\"widget\" data-widget_type=\"soundsphere_core_custom_font.default\">\n\t\t\t\t<div class=\"elementor-widget-container\">\n\t\t\t\t\t<h1 class=\"qodef-shortcode qodef-m  qodef-custom-font qodef-custom-font-617 qodef-layout--simple   qodef-alignment--center  qodef--has-appear\" style=\"color: #000000;font-family: Syne;font-weight: 800\" >\n\t<span data-content=\"TOradio\">\n\t\t\t\tTOradio\t\t\t<\/span>\n<\/h1>\n\t\t\t\t<\/div>\n\t\t\t\t<\/div>\n\t\t<div class=\"elementor-element elementor-element-67ff355 e-con-full e-flex e-con e-child\" data-id=\"67ff355\" data-element_type=\"container\" data-settings=\"{&quot;background_background&quot;:&quot;classic&quot;}\">\n\t\t\t\t<div class=\"elementor-element elementor-element-162a7f6 elementor-widget elementor-widget-spacer\" data-id=\"162a7f6\" data-element_type=\"widget\" data-widget_type=\"spacer.default\">\n\t\t\t\t<div class=\"elementor-widget-container\">\n\t\t\t\t\t\t\t<div class=\"elementor-spacer\">\n\t\t\t<div class=\"elementor-spacer-inner\"><\/div>\n\t\t<\/div>\n\t\t\t\t\t\t<\/div>\n\t\t\t\t<\/div>\n\t\t\t\t<\/div>\n\t\t<div class=\"elementor-element elementor-element-6b81d43 e-flex e-con-boxed e-con e-child\" data-id=\"6b81d43\" data-element_type=\"container\">\n\t\t\t\t\t<div class=\"e-con-inner\">\n\t\t\t\t<div class=\"elementor-element elementor-element-8b39e65 elementor-widget elementor-widget-soundsphere_core_custom_font\" data-id=\"8b39e65\" data-element_type=\"widget\" data-widget_type=\"soundsphere_core_custom_font.default\">\n\t\t\t\t<div class=\"elementor-widget-container\">\n\t\t\t\t\t<h1 class=\"qodef-shortcode qodef-m  qodef-custom-font qodef-custom-font-131 qodef-layout--simple   qodef-alignment--center  qodef--has-appear\" style=\"color: #000000;font-family: Syne;font-weight: 800\" >\n\t<span data-content=\"Dentro la Citt\u00e0, fuori dal comune\">\n\t\t\t\tDentro la Citt\u00e0, fuori dal comune\t\t\t<\/span>\n<\/h1>\n\t\t\t\t<\/div>\n\t\t\t\t<\/div>\n\t\t\t\t\t<\/div>\n\t\t\t\t<\/div>\n\t\t\t\t<\/div>\n\t\t<div class=\"elementor-element elementor-element-a54eb00 qodef-elementor-content-grid e-flex e-con-boxed e-con e-parent\" data-id=\"a54eb00\" data-element_type=\"container\">\n\t\t\t\t\t<div class=\"e-con-inner\">\n\t\t<div class=\"elementor-element elementor-element-9082035 e-con-full e-flex e-con e-child\" data-id=\"9082035\" data-element_type=\"container\">\n\t\t\t\t<div class=\"elementor-element elementor-element-6661cce elementor-widget elementor-widget-soundsphere_core_section_title\" data-id=\"6661cce\" data-element_type=\"widget\" data-widget_type=\"soundsphere_core_section_title.default\">\n\t\t\t\t<div class=\"elementor-widget-container\">\n\t\t\t\t\t<div class=\"qodef-shortcode qodef-m  qodef-section-title qodef-alignment--left  \">\n\t\t<h6 class=\"qodef-m-title\" >\n\t\t\t\t\tIl progetto\t\t\t<\/h6>\n\t\t<p class=\"qodef-m-text\" style=\"margin-top: 12px\">TOradio \u00e8 la radio di Torino e del suo territorio. Una radio diversa, in equilibrio tra la radio di flusso e quella di contenuti, in grado di parlare a tanti, anche a chi normalmente non ascolta(va) la radio. Uno strumento di comunicazione e di intrattenimento completo e articolato, caratterizzato da uno stile fresco e dinamico e da opinioni portate da personalit\u00e0 leader del proprio ambito. TOradio \u00e8 la voce della citt\u00e0, attenta all\u2019attualit\u00e0 e capace di valorizzare davvero le eccellenze del territorio. Contenuti, musica, informazione, food, sport.<\/p>\n<\/div>\n\t\t\t\t<\/div>\n\t\t\t\t<\/div>\n\t\t\t\t<\/div>\n\t\t<div class=\"elementor-element elementor-element-457a3ae e-con-full e-flex e-con e-child\" data-id=\"457a3ae\" data-element_type=\"container\">\n\t\t\t\t<div class=\"elementor-element elementor-element-33e3831 elementor-widget elementor-widget-soundsphere_core_section_title\" data-id=\"33e3831\" data-element_type=\"widget\" data-widget_type=\"soundsphere_core_section_title.default\">\n\t\t\t\t<div class=\"elementor-widget-container\">\n\t\t\t\t\t<div class=\"qodef-shortcode qodef-m  qodef-section-title qodef-alignment--left  \">\n\t\t<h6 class=\"qodef-m-title\" >\n\t\t\t\t\tIl valore della comunicazione e dell'intrattenimento\t\t\t<\/h6>\n\t\t<p class=\"qodef-m-text\" style=\"margin-top: 12px\">Le innovazioni tecnologiche hanno segnato un\u2019evoluzione velocissima da Marconi al web 3.0. In Italia il salto dagli anni \u201970 delle prime radio libere alle pi\u00f9 attuali visual radio ha portato a dei colossi di copertura nazionale, cos\u00ec come a realt\u00e0 locali capaci di adeguarsi velocemente al cambiamento e al modo di fruire della musica e dell\u2019informazione. Il vero motivo per cui ascoltare e frequentare una realt\u00e0 radiofonica locale, qualunque sia la tecnica di messa in onda, \u00e8 che parli del territorio, dal territorio. Le radio sono nate dalla gente per la gente, e TOradio vuole recuperare questa identit\u00e0, rendendola un valore. Essere in contatto con le attivit\u00e0, con il mondo del lavoro e delle imprese, con la citt\u00e0. TOradio nasce per essere una radio FORTE, in grado di posizionarsi velocemente grazie a opinionisti credibili, editorialisti graffianti e indipendenti dalle intellighenzie precostituite, musica GIUSTA e dialogo costante, quotidiano, sistematico col territorio.<\/p>\n<\/div>\n\t\t\t\t<\/div>\n\t\t\t\t<\/div>\n\t\t\t\t<\/div>\n\t\t\t\t\t<\/div>\n\t\t\t\t<\/div>\n\t\t<div class=\"elementor-element elementor-element-ab16783 e-flex e-con-boxed e-con e-parent\" data-id=\"ab16783\" data-element_type=\"container\">\n\t\t\t\t\t<div class=\"e-con-inner\">\n\t\t\t\t<div class=\"elementor-element elementor-element-054bf9b elementor-widget-divider--view-line elementor-widget elementor-widget-divider\" data-id=\"054bf9b\" data-element_type=\"widget\" data-widget_type=\"divider.default\">\n\t\t\t\t<div class=\"elementor-widget-container\">\n\t\t\t\t\t\t\t<div class=\"elementor-divider\">\n\t\t\t<span class=\"elementor-divider-separator\">\n\t\t\t\t\t\t<\/span>\n\t\t<\/div>\n\t\t\t\t\t\t<\/div>\n\t\t\t\t<\/div>\n\t\t\t\t\t<\/div>\n\t\t\t\t<\/div>\n\t\t<div class=\"elementor-element elementor-element-bb0a40b e-flex e-con-boxed e-con e-parent\" data-id=\"bb0a40b\" data-element_type=\"container\">\n\t\t\t\t\t<div class=\"e-con-inner\">\n\t\t<div class=\"elementor-element elementor-element-73ce7d7 qodef-elementor-content-grid e-con-full e-flex e-con e-child\" data-id=\"73ce7d7\" data-element_type=\"container\">\n\t\t<div class=\"elementor-element elementor-element-ef0847a e-con-full e-flex e-con e-child\" data-id=\"ef0847a\" data-element_type=\"container\">\n\t\t\t\t<div class=\"elementor-element elementor-element-9f47e80 elementor-widget elementor-widget-soundsphere_core_section_title\" data-id=\"9f47e80\" data-element_type=\"widget\" data-widget_type=\"soundsphere_core_section_title.default\">\n\t\t\t\t<div class=\"elementor-widget-container\">\n\t\t\t\t\t<div class=\"qodef-shortcode qodef-m  qodef-section-title qodef-alignment--left  \">\n\t\t<h6 class=\"qodef-m-title\" >\n\t\t\t\t\tUna radio al passo coi tempi\t\t\t<\/h6>\n\t\t<p class=\"qodef-m-text\" style=\"margin-top: 12px\">La met\u00e0 della popolazione (dati ISTAT) afferma di informarsi online. Gli italiani passano in media 5 ore al telefono ogni giorno. Si informano e si svagano. Si pu\u00f2 dire che tutti gli organi di informazione e i dispensatori di intrattenimento siano presenti sui principali social, sui quali investono risorse per aumentare e consolidare il numero dei propri followers. Questo, come per tutti i media, vale anche per le radio locali, che utilizzano i propri account per essere raggiungibili dai propri ascoltatori, diventando dei creatori di contenuti, con la particolarit\u00e0 di essere professionisti del settore, quindi evolvendosi in veri e propri centri di produzione. La diffusione non vincolata a una sola tecnologia dev&#039;essere un tratto distintivo e prestigioso, che permetta di raggiungere il pubblico con facilit\u00e0. Perch\u00e9 la scelta di una radio di contenuti? Perch\u00e9 ci sia un\u2019identit\u00e0 che vada oltre la semplice presenza del brand, rendendo ben identificabile il prodotto. Sui social vince lo stupore, pi\u00f9 una cosa \u00e8 ricorrente, meno verr\u00e0 notata. In radio vince la ciclicit\u00e0, gli ascoltatori vanno rassicurati, devono sapere che in un momento specifico possono trovare quello che conoscono e vogliono ascoltare. In questo momento una nuova radio ha la necessit\u00e0 assoluta di essere ascoltabile su tutte le piattaforme disponibili. TOradio \u00e8 ascoltabile sul web, in DAB+, sul digitale terrestre, su piattaforme social e tramite applicazioni dedicate. Eccellente per natura.<\/p>\n<\/div>\n\t\t\t\t<\/div>\n\t\t\t\t<\/div>\n\t\t\t\t<\/div>\n\t\t\t\t<\/div>\n\t\t\t\t\t<\/div>\n\t\t\t\t<\/div>\n\t\t\t\t<\/div>\n\t\t","protected":false},"excerpt":{"rendered":"<p>TOradio Dentro la Citt\u00e0, fuori dal comune Il progetto TOradio \u00e8 la radio di Torino e del suo territorio. Una radio diversa, in equilibrio tra la radio di flusso e quella di contenuti, in grado di parlare a tanti, anche a chi normalmente non ascolta(va) la radio. Uno strumento di comunicazione e di intrattenimento completo [&hellip;]<\/p>\n","protected":false},"author":1,"featured_media":0,"parent":0,"menu_order":0,"comment_status":"closed","ping_status":"closed","template":"page-full-width.php","meta":{"footnotes":""},"class_list":["post-11335","page","type-page","status-publish","hentry"],"_links":{"self":[{"href":"https:\/\/toradio.it\/new\/wp-json\/wp\/v2\/pages\/11335","targetHints":{"allow":["GET"]}}],"collection":[{"href":"https:\/\/toradio.it\/new\/wp-json\/wp\/v2\/pages"}],"about":[{"href":"https:\/\/toradio.it\/new\/wp-json\/wp\/v2\/types\/page"}],"author":[{"embeddable":true,"href":"https:\/\/toradio.it\/new\/wp-json\/wp\/v2\/users\/1"}],"replies":[{"embeddable":true,"href":"https:\/\/toradio.it\/new\/wp-json\/wp\/v2\/comments?post=11335"}],"version-history":[{"count":10,"href":"https:\/\/toradio.it\/new\/wp-json\/wp\/v2\/pages\/11335\/revisions"}],"predecessor-version":[{"id":11415,"href":"https:\/\/toradio.it\/new\/wp-json\/wp\/v2\/pages\/11335\/revisions\/11415"}],"wp:attachment":[{"href":"https:\/\/toradio.it\/new\/wp-json\/wp\/v2\/media?parent=11335"}],"curies":[{"name":"wp","href":"https:\/\/api.w.org\/{rel}","templated":true}]}}