{"id":11224,"date":"2025-03-19T12:47:46","date_gmt":"2025-03-19T12:47:46","guid":{"rendered":"https:\/\/toradio.it\/new\/?page_id=11224"},"modified":"2025-03-20T07:54:09","modified_gmt":"2025-03-20T07:54:09","slug":"diego-casale","status":"publish","type":"page","link":"https:\/\/toradio.it\/new\/diego-casale\/","title":{"rendered":"Diego Casale"},"content":{"rendered":"\t\t<div data-elementor-type=\"wp-page\" data-elementor-id=\"11224\" class=\"elementor elementor-11224\">\n\t\t\t\t<div class=\"elementor-element elementor-element-13f5f58 e-flex e-con-boxed e-con e-parent\" data-id=\"13f5f58\" data-element_type=\"container\">\n\t\t\t\t\t<div class=\"e-con-inner\">\n\t\t<div class=\"elementor-element elementor-element-8477848 e-con-full e-flex e-con e-child\" data-id=\"8477848\" data-element_type=\"container\">\n\t\t\t\t<div class=\"elementor-element elementor-element-f141e68 elementor-widget elementor-widget-image\" data-id=\"f141e68\" data-element_type=\"widget\" data-widget_type=\"image.default\">\n\t\t\t\t<div class=\"elementor-widget-container\">\n\t\t\t\t\t\t\t\t\t\t\t\t\t\t\t<img fetchpriority=\"high\" decoding=\"async\" width=\"684\" height=\"1024\" src=\"https:\/\/toradio.it\/new\/wp-content\/uploads\/2025\/03\/DIEGO-CASALE-684x1024.jpg\" class=\"attachment-large size-large wp-image-11179\" alt=\"\" srcset=\"https:\/\/toradio.it\/new\/wp-content\/uploads\/2025\/03\/DIEGO-CASALE-684x1024.jpg 684w, https:\/\/toradio.it\/new\/wp-content\/uploads\/2025\/03\/DIEGO-CASALE-200x300.jpg 200w, https:\/\/toradio.it\/new\/wp-content\/uploads\/2025\/03\/DIEGO-CASALE-768x1150.jpg 768w, https:\/\/toradio.it\/new\/wp-content\/uploads\/2025\/03\/DIEGO-CASALE-1025x1536.jpg 1025w, https:\/\/toradio.it\/new\/wp-content\/uploads\/2025\/03\/DIEGO-CASALE-1367x2048.jpg 1367w, https:\/\/toradio.it\/new\/wp-content\/uploads\/2025\/03\/DIEGO-CASALE-600x899.jpg 600w, https:\/\/toradio.it\/new\/wp-content\/uploads\/2025\/03\/DIEGO-CASALE-scaled.jpg 1709w\" sizes=\"(max-width: 684px) 100vw, 684px\" \/>\t\t\t\t\t\t\t\t\t\t\t\t\t\t\t<\/div>\n\t\t\t\t<\/div>\n\t\t\t\t<\/div>\n\t\t<div class=\"elementor-element elementor-element-55a6918 e-con-full e-flex e-con e-child\" data-id=\"55a6918\" data-element_type=\"container\">\n\t\t<div class=\"elementor-element elementor-element-11e93b8 e-con-full e-flex e-con e-child\" data-id=\"11e93b8\" data-element_type=\"container\">\n\t\t\t\t<div class=\"elementor-element elementor-element-dd896e4 elementor-widget elementor-widget-heading\" data-id=\"dd896e4\" data-element_type=\"widget\" data-widget_type=\"heading.default\">\n\t\t\t\t<div class=\"elementor-widget-container\">\n\t\t\t\t\t<h2 class=\"elementor-heading-title elementor-size-default\">Diego Casale<\/h2>\t\t\t\t<\/div>\n\t\t\t\t<\/div>\n\t\t\t\t<\/div>\n\t\t<div class=\"elementor-element elementor-element-92c80ba e-con-full e-flex e-con e-child\" data-id=\"92c80ba\" data-element_type=\"container\">\n\t\t\t\t<div class=\"elementor-element elementor-element-c047912 elementor-widget elementor-widget-text-editor\" data-id=\"c047912\" data-element_type=\"widget\" data-widget_type=\"text-editor.default\">\n\t\t\t\t<div class=\"elementor-widget-container\">\n\t\t\t\t\t\t\t\t\t<p class=\"Textbody\"><strong>La voce maschile ufficiale di TOradio.<\/strong><\/p><p><strong>Nome: <\/strong>Diego Casale<br \/><strong>Nome d\u2019arte:<\/strong> il mio! <br \/><strong>Motto: <\/strong>Se non sar\u00e0 seren si serenere&#8230;se sar\u00e0 seren si rasseren..se seren non sereneresirebberer\u00e0&#8230;se..quello insomma!<br \/><strong>Segno zodiacale:<\/strong><br \/>Gemelli ascendente Orso<br \/><strong>Tratto distintivo: <\/strong>bellissimo<br \/><strong>Non riuscirei a vivere senza: <\/strong>NUTELLA<br \/><strong>Colore preferito: <\/strong>Il blu! <br \/><strong>Nel mio frigorifero non manca mai: <\/strong>la Nutella! <br \/><strong>Animale preferito: <\/strong>cani di ogni razza, soprattutto quelli in difficolt\u00e0!<br \/><strong>Dei 365 giorni preferisco sicuramente: <\/strong>il 25 Dicembre perch\u00e9 rivedo il mio alter ego e mangiamo insieme i biscotti&#8230;Alla Nutella!<br \/><strong>Amo: <\/strong>ridere e recitare, creare emozioni! <br \/><strong>Quando ho iniziato a far parte radio: <\/strong>quando si sono ricordati il mio numero di cellulare.<br \/><strong>Per fortuna hanno inventato:<\/strong><br \/>I tappi che non si tolgono dalle bottiglie di plastica se no sarei una persona troppo rilassata e calma!<br \/><strong>Una radio non pu\u00f2 vivere senza: <\/strong>di me? <br \/><strong>Se\u00a0fossi\u2026sarei:<\/strong> magro sarei triste, ma per quello c&#8217;\u00e8&#8230;La Nutella!<\/p>\t\t\t\t\t\t\t\t<\/div>\n\t\t\t\t<\/div>\n\t\t\t\t<\/div>\n\t\t\t\t<\/div>\n\t\t\t\t\t<\/div>\n\t\t\t\t<\/div>\n\t\t\t\t<\/div>\n\t\t","protected":false},"excerpt":{"rendered":"<p>Diego Casale La voce maschile ufficiale di TOradio. Nome: Diego CasaleNome d\u2019arte: il mio! Motto: Se non sar\u00e0 seren si serenere&#8230;se sar\u00e0 seren si rasseren..se seren non sereneresirebberer\u00e0&#8230;se..quello insomma!Segno zodiacale:Gemelli ascendente OrsoTratto distintivo: bellissimoNon riuscirei a vivere senza: NUTELLAColore preferito: Il blu! Nel mio frigorifero non manca mai: la Nutella! Animale preferito: cani di ogni [&hellip;]<\/p>\n","protected":false},"author":1,"featured_media":0,"parent":0,"menu_order":0,"comment_status":"closed","ping_status":"closed","template":"elementor_theme","meta":{"footnotes":""},"class_list":["post-11224","page","type-page","status-publish","hentry"],"_links":{"self":[{"href":"https:\/\/toradio.it\/new\/wp-json\/wp\/v2\/pages\/11224","targetHints":{"allow":["GET"]}}],"collection":[{"href":"https:\/\/toradio.it\/new\/wp-json\/wp\/v2\/pages"}],"about":[{"href":"https:\/\/toradio.it\/new\/wp-json\/wp\/v2\/types\/page"}],"author":[{"embeddable":true,"href":"https:\/\/toradio.it\/new\/wp-json\/wp\/v2\/users\/1"}],"replies":[{"embeddable":true,"href":"https:\/\/toradio.it\/new\/wp-json\/wp\/v2\/comments?post=11224"}],"version-history":[{"count":7,"href":"https:\/\/toradio.it\/new\/wp-json\/wp\/v2\/pages\/11224\/revisions"}],"predecessor-version":[{"id":11319,"href":"https:\/\/toradio.it\/new\/wp-json\/wp\/v2\/pages\/11224\/revisions\/11319"}],"wp:attachment":[{"href":"https:\/\/toradio.it\/new\/wp-json\/wp\/v2\/media?parent=11224"}],"curies":[{"name":"wp","href":"https:\/\/api.w.org\/{rel}","templated":true}]}}