{"id":11126,"date":"2025-03-19T08:43:35","date_gmt":"2025-03-19T08:43:35","guid":{"rendered":"https:\/\/toradio.it\/new\/?page_id=11126"},"modified":"2025-03-19T12:32:06","modified_gmt":"2025-03-19T12:32:06","slug":"signor-lucio","status":"publish","type":"page","link":"https:\/\/toradio.it\/new\/signor-lucio\/","title":{"rendered":"Signor Lucio"},"content":{"rendered":"\t\t<div data-elementor-type=\"wp-page\" data-elementor-id=\"11126\" class=\"elementor elementor-11126\">\n\t\t\t\t<div class=\"elementor-element elementor-element-98c66c7 e-grid e-con-boxed e-con e-parent\" data-id=\"98c66c7\" data-element_type=\"container\">\n\t\t\t\t\t<div class=\"e-con-inner\">\n\t\t\t\t<div class=\"elementor-element elementor-element-acd2579 elementor-widget elementor-widget-radio_player\" data-id=\"acd2579\" data-element_type=\"widget\" data-widget_type=\"radio_player.default\">\n\t\t\t\t<div class=\"elementor-widget-container\">\n\t\t\t\t\t<div class=\"aligncenter\"><div class=\"radio_player\" data-player-type=\"shortcode\"data-data=\"eyJpZCI6NSwidGl0bGUiOiJMdWNpbyIsInN0aWNreSI6ZmFsc2UsInN0YXR1cyI6dHJ1ZSwic2tpbiI6InNraW4zIiwic3RhdGlvbnMiOlt7InRpdGxlIjoiU2lnbm9yIEx1Y2lvIiwic3RyZWFtIjoiaHR0cHM6XC9cL3RvcmFkaW8uaXRcL25ld1wvd3AtY29udGVudFwvdXBsb2Fkc1wvMjAyNVwvMDNcL0ludGVydmlzdGEtTHVjaW8ubXAzIiwidGh1bWJuYWlsIjoiaHR0cHM6XC9cL3RvcmFkaW8uaXRcL25ld1wvd3AtY29udGVudFwvdXBsb2Fkc1wvMjAyNVwvMDNcL2Nyb3BwZWQtVE9SQURJT19pbWctcHJvZmlsb181MTJweC0xLTEucG5nIn1dLCJwb3B1cF9pY29uIjpmYWxzZSwicGxheWxpc3RfaWNvbiI6ZmFsc2UsImhpc3RvcnlfaWNvbiI6ZmFsc2UsInZvbHVtZV9jb250cm9sIjp0cnVlLCJwbGF5ZXJfc3RhdHVzIjpmYWxzZSwic2hvd19hcnRpc3QiOmZhbHNlLCJzaG93X2FydHdvcmsiOmZhbHNlLCJwbGF5ZXJfdGV4dCI6Ikxpc3RlbiBMaXZlIiwid2lkdGgiOjEwMDAsIndpZHRoX21vYmlsZSI6MzAwLCJib3JkZXJfcmFkaXVzIjo1LCJiZ19jb2xvciI6IiNmNGY3ZjkiLCJiZ19pbWFnZSI6Imh0dHBzOlwvXC90b3JhZGlvLml0XC9uZXdcL3dwLWNvbnRlbnRcL3BsdWdpbnNcL3JhZGlvLXBsYXllclwvYXNzZXRzXC9pbWFnZXNcL3BsYXllci1iZy5wbmciLCJiZ190eXBlIjoiY29sb3IiLCJjb2xvcl90eXBlIjoic29saWQiLCJ0ZXh0X2NvbG9yIjoiIzVDNjM3RSIsImJveF9zaGFkb3ciOmZhbHNlLCJib3hfc2hhZG93X2giOjAsImJveF9zaGFkb3dfdiI6MCwiYm94X3NoYWRvd19ibHVyIjowLCJib3hfc2hhZG93X3NwcmVhZCI6MCwiYm94X3NoYWRvd19jb2xvciI6InJnYmEoMCwgMCwgMCwgLjUpIiwiYm94X3NoYWRvd190eXBlIjoiIn0=\"><\/div><\/div>\t\t\t\t<\/div>\n\t\t\t\t<\/div>\n\t\t\t\t<div class=\"elementor-element elementor-element-17913f8 elementor-widget elementor-widget-heading\" data-id=\"17913f8\" data-element_type=\"widget\" data-widget_type=\"heading.default\">\n\t\t\t\t<div class=\"elementor-widget-container\">\n\t\t\t\t\t<h3 class=\"elementor-heading-title elementor-size-default\">ascolta per scoprire di pi\u00f9 su...<\/h3>\t\t\t\t<\/div>\n\t\t\t\t<\/div>\n\t\t\t\t\t<\/div>\n\t\t\t\t<\/div>\n\t\t<div class=\"elementor-element elementor-element-3abd552 e-flex e-con-boxed e-con e-parent\" data-id=\"3abd552\" data-element_type=\"container\">\n\t\t\t\t\t<div class=\"e-con-inner\">\n\t\t\t\t<div class=\"elementor-element elementor-element-0adb46b elementor-widget-divider--view-line elementor-widget elementor-widget-divider\" data-id=\"0adb46b\" data-element_type=\"widget\" data-widget_type=\"divider.default\">\n\t\t\t\t<div class=\"elementor-widget-container\">\n\t\t\t\t\t\t\t<div class=\"elementor-divider\">\n\t\t\t<span class=\"elementor-divider-separator\">\n\t\t\t\t\t\t<\/span>\n\t\t<\/div>\n\t\t\t\t\t\t<\/div>\n\t\t\t\t<\/div>\n\t\t\t\t\t<\/div>\n\t\t\t\t<\/div>\n\t\t<div class=\"elementor-element elementor-element-13f5f58 e-flex e-con-boxed e-con e-parent\" data-id=\"13f5f58\" data-element_type=\"container\">\n\t\t\t\t\t<div class=\"e-con-inner\">\n\t\t<div class=\"elementor-element elementor-element-8477848 e-con-full e-flex e-con e-child\" data-id=\"8477848\" data-element_type=\"container\">\n\t\t\t\t<div class=\"elementor-element elementor-element-f141e68 elementor-widget elementor-widget-image\" data-id=\"f141e68\" data-element_type=\"widget\" data-widget_type=\"image.default\">\n\t\t\t\t<div class=\"elementor-widget-container\">\n\t\t\t\t\t\t\t\t\t\t\t\t\t\t\t<img fetchpriority=\"high\" decoding=\"async\" width=\"683\" height=\"1024\" src=\"https:\/\/toradio.it\/new\/wp-content\/uploads\/2024\/05\/LUCIO-683x1024.jpg\" class=\"attachment-large size-large wp-image-11079\" alt=\"\" srcset=\"https:\/\/toradio.it\/new\/wp-content\/uploads\/2024\/05\/LUCIO-683x1024.jpg 683w, https:\/\/toradio.it\/new\/wp-content\/uploads\/2024\/05\/LUCIO-200x300.jpg 200w, https:\/\/toradio.it\/new\/wp-content\/uploads\/2024\/05\/LUCIO-768x1151.jpg 768w, https:\/\/toradio.it\/new\/wp-content\/uploads\/2024\/05\/LUCIO-1025x1536.jpg 1025w, https:\/\/toradio.it\/new\/wp-content\/uploads\/2024\/05\/LUCIO-1367x2048.jpg 1367w, https:\/\/toradio.it\/new\/wp-content\/uploads\/2024\/05\/LUCIO-600x899.jpg 600w, https:\/\/toradio.it\/new\/wp-content\/uploads\/2024\/05\/LUCIO-scaled.jpg 1709w\" sizes=\"(max-width: 683px) 100vw, 683px\" \/>\t\t\t\t\t\t\t\t\t\t\t\t\t\t\t<\/div>\n\t\t\t\t<\/div>\n\t\t\t\t<\/div>\n\t\t<div class=\"elementor-element elementor-element-55a6918 e-con-full e-flex e-con e-child\" data-id=\"55a6918\" data-element_type=\"container\">\n\t\t<div class=\"elementor-element elementor-element-11e93b8 e-con-full e-flex e-con e-child\" data-id=\"11e93b8\" data-element_type=\"container\">\n\t\t\t\t<div class=\"elementor-element elementor-element-dd896e4 elementor-widget elementor-widget-heading\" data-id=\"dd896e4\" data-element_type=\"widget\" data-widget_type=\"heading.default\">\n\t\t\t\t<div class=\"elementor-widget-container\">\n\t\t\t\t\t<h2 class=\"elementor-heading-title elementor-size-default\">Signor Lucio<\/h2>\t\t\t\t<\/div>\n\t\t\t\t<\/div>\n\t\t\t\t<\/div>\n\t\t<div class=\"elementor-element elementor-element-92c80ba e-con-full e-flex e-con e-child\" data-id=\"92c80ba\" data-element_type=\"container\">\n\t\t\t\t<div class=\"elementor-element elementor-element-c047912 elementor-widget elementor-widget-text-editor\" data-id=\"c047912\" data-element_type=\"widget\" data-widget_type=\"text-editor.default\">\n\t\t\t\t<div class=\"elementor-widget-container\">\n\t\t\t\t\t\t\t\t\t<p><strong>In onda ogni giorno, dal luned\u00ec al venerd\u00ec dalle 7 alle 9 in &#8220;Wake Up&#8221;.<\/strong><\/p><p>\u00a0<\/p><p><strong>Nome<\/strong>: Luciano Santo<\/p><p><strong>Nome d\u2019arte<\/strong>:<br \/>Signor Lucio<\/p><p><strong>Motto<\/strong>:<br \/>Le mani al cielo (cit. radio)<br \/>Se non mi trovi cercami in un sogno (per tutte le donne)<\/p><p><strong>Segno zodiacale<\/strong>:<br \/>Leone<\/p><p><strong>Tratto distintivo<\/strong>:<br \/>Paraculo\u2026. Ma per qualcuno par o cazz\u2026.<\/p><p><strong>Non riuscirei a vivere senza<\/strong>:<br \/>Scroccare<\/p><p><strong>Colore preferito<\/strong>:<br \/>Giallo<\/p><p><strong>Nel mio frigorifero non manca mai:<\/strong><br \/>La sensazione di fame dopo che lo richiudo<\/p><p><strong>Animale preferito<\/strong>:<br \/>Leone in accoppiamento<\/p><p><strong>Dei 365 giorni preferisco sicuramente:<\/strong><br \/>Non \u00e8 un giorno dell\u2019anno<\/p><p><strong>Amo<\/strong>:<br \/>I profumi e chi mi dice: che bel profumo che hai<\/p><p><strong>Quando ho iniziato a far parte della radio<\/strong>:<br \/>Da quando Maurizio Cimmino mi ha proposto un ricco contratto<\/p><p><strong>Per fortuna hanno inventato<\/strong>:<br \/>Il sellino per la bicicletta<\/p><p><strong>Una radio non pu\u00f2 vivere senza<\/strong>:<br \/>Pagare le bollette<\/p><p><strong>Se fossi\u2026sarei<\/strong>:<br \/>Se fossi tromba sarei trombato, se fossi spogliatoio sarei spogliato&#8230;Ma sono Lucio!<\/p>\t\t\t\t\t\t\t\t<\/div>\n\t\t\t\t<\/div>\n\t\t\t\t<\/div>\n\t\t\t\t<\/div>\n\t\t\t\t\t<\/div>\n\t\t\t\t<\/div>\n\t\t\t\t<\/div>\n\t\t","protected":false},"excerpt":{"rendered":"<p>ascolta per scoprire di pi\u00f9 su&#8230; Signor Lucio In onda ogni giorno, dal luned\u00ec al venerd\u00ec dalle 7 alle 9 in &#8220;Wake Up&#8221;. \u00a0 Nome: Luciano Santo Nome d\u2019arte:Signor Lucio Motto:Le mani al cielo (cit. radio)Se non mi trovi cercami in un sogno (per tutte le donne) Segno zodiacale:Leone Tratto distintivo:Paraculo\u2026. Ma per qualcuno par [&hellip;]<\/p>\n","protected":false},"author":1,"featured_media":0,"parent":0,"menu_order":0,"comment_status":"closed","ping_status":"closed","template":"elementor_theme","meta":{"footnotes":""},"class_list":["post-11126","page","type-page","status-publish","hentry"],"_links":{"self":[{"href":"https:\/\/toradio.it\/new\/wp-json\/wp\/v2\/pages\/11126","targetHints":{"allow":["GET"]}}],"collection":[{"href":"https:\/\/toradio.it\/new\/wp-json\/wp\/v2\/pages"}],"about":[{"href":"https:\/\/toradio.it\/new\/wp-json\/wp\/v2\/types\/page"}],"author":[{"embeddable":true,"href":"https:\/\/toradio.it\/new\/wp-json\/wp\/v2\/users\/1"}],"replies":[{"embeddable":true,"href":"https:\/\/toradio.it\/new\/wp-json\/wp\/v2\/comments?post=11126"}],"version-history":[{"count":4,"href":"https:\/\/toradio.it\/new\/wp-json\/wp\/v2\/pages\/11126\/revisions"}],"predecessor-version":[{"id":11207,"href":"https:\/\/toradio.it\/new\/wp-json\/wp\/v2\/pages\/11126\/revisions\/11207"}],"wp:attachment":[{"href":"https:\/\/toradio.it\/new\/wp-json\/wp\/v2\/media?parent=11126"}],"curies":[{"name":"wp","href":"https:\/\/api.w.org\/{rel}","templated":true}]}}