{"id":11124,"date":"2025-03-19T08:43:02","date_gmt":"2025-03-19T08:43:02","guid":{"rendered":"https:\/\/toradio.it\/new\/?page_id=11124"},"modified":"2025-03-19T12:17:47","modified_gmt":"2025-03-19T12:17:47","slug":"luisa-lalu-drogo","status":"publish","type":"page","link":"https:\/\/toradio.it\/new\/luisa-lalu-drogo\/","title":{"rendered":"Luisa &#8220;Lal\u00f9&#8221; Drogo"},"content":{"rendered":"\t\t<div data-elementor-type=\"wp-page\" data-elementor-id=\"11124\" class=\"elementor elementor-11124\">\n\t\t\t\t<div class=\"elementor-element elementor-element-98c66c7 e-grid e-con-boxed e-con e-parent\" data-id=\"98c66c7\" data-element_type=\"container\">\n\t\t\t\t\t<div class=\"e-con-inner\">\n\t\t\t\t<div class=\"elementor-element elementor-element-acd2579 elementor-widget elementor-widget-radio_player\" data-id=\"acd2579\" data-element_type=\"widget\" data-widget_type=\"radio_player.default\">\n\t\t\t\t<div class=\"elementor-widget-container\">\n\t\t\t\t\t<div class=\"aligncenter\"><div class=\"radio_player\" data-player-type=\"shortcode\"data-data=\"eyJpZCI6NCwidGl0bGUiOiJMYWxcdTAwZjkiLCJzdGlja3kiOmZhbHNlLCJzdGF0dXMiOnRydWUsInNraW4iOiJza2luMyIsInN0YXRpb25zIjpbeyJ0aXRsZSI6Ikx1aXNhIFwiTGFsXHUwMGY5XCIgRHJvZ28iLCJzdHJlYW0iOiJodHRwczpcL1wvdG9yYWRpby5pdFwvbmV3XC93cC1jb250ZW50XC91cGxvYWRzXC8yMDI1XC8wM1wvSW50ZXJ2aXN0YS1MdWlzYS1vay5tcDMiLCJ0aHVtYm5haWwiOiJodHRwczpcL1wvdG9yYWRpby5pdFwvbmV3XC93cC1jb250ZW50XC91cGxvYWRzXC8yMDI1XC8wM1wvY3JvcHBlZC1UT1JBRElPX2ltZy1wcm9maWxvXzUxMnB4LTEtMS5wbmcifV0sInBvcHVwX2ljb24iOmZhbHNlLCJwbGF5bGlzdF9pY29uIjpmYWxzZSwiaGlzdG9yeV9pY29uIjpmYWxzZSwidm9sdW1lX2NvbnRyb2wiOnRydWUsInBsYXllcl9zdGF0dXMiOmZhbHNlLCJzaG93X2FydGlzdCI6ZmFsc2UsInNob3dfYXJ0d29yayI6ZmFsc2UsInBsYXllcl90ZXh0IjoiTGlzdGVuIExpdmUiLCJ3aWR0aCI6MTAwMCwid2lkdGhfbW9iaWxlIjozMDAsImJvcmRlcl9yYWRpdXMiOjUsImJnX2NvbG9yIjoiI2Y0ZjdmOSIsImJnX2ltYWdlIjoiaHR0cHM6XC9cL3RvcmFkaW8uaXRcL25ld1wvd3AtY29udGVudFwvcGx1Z2luc1wvcmFkaW8tcGxheWVyXC9hc3NldHNcL2ltYWdlc1wvcGxheWVyLWJnLnBuZyIsImJnX3R5cGUiOiJjb2xvciIsImNvbG9yX3R5cGUiOiJzb2xpZCIsInRleHRfY29sb3IiOiIjNUM2MzdFIiwiYm94X3NoYWRvdyI6ZmFsc2UsImJveF9zaGFkb3dfaCI6MCwiYm94X3NoYWRvd192IjowLCJib3hfc2hhZG93X2JsdXIiOjAsImJveF9zaGFkb3dfc3ByZWFkIjowLCJib3hfc2hhZG93X2NvbG9yIjoicmdiYSgwLCAwLCAwLCAuNSkiLCJib3hfc2hhZG93X3R5cGUiOiIifQ==\"><\/div><\/div>\t\t\t\t<\/div>\n\t\t\t\t<\/div>\n\t\t\t\t<div class=\"elementor-element elementor-element-17913f8 elementor-widget elementor-widget-heading\" data-id=\"17913f8\" data-element_type=\"widget\" data-widget_type=\"heading.default\">\n\t\t\t\t<div class=\"elementor-widget-container\">\n\t\t\t\t\t<h3 class=\"elementor-heading-title elementor-size-default\">ascolta per scoprire di pi\u00f9 su...<\/h3>\t\t\t\t<\/div>\n\t\t\t\t<\/div>\n\t\t\t\t\t<\/div>\n\t\t\t\t<\/div>\n\t\t<div class=\"elementor-element elementor-element-3abd552 e-flex e-con-boxed e-con e-parent\" data-id=\"3abd552\" data-element_type=\"container\">\n\t\t\t\t\t<div class=\"e-con-inner\">\n\t\t\t\t<div class=\"elementor-element elementor-element-0adb46b elementor-widget-divider--view-line elementor-widget elementor-widget-divider\" data-id=\"0adb46b\" data-element_type=\"widget\" data-widget_type=\"divider.default\">\n\t\t\t\t<div class=\"elementor-widget-container\">\n\t\t\t\t\t\t\t<div class=\"elementor-divider\">\n\t\t\t<span class=\"elementor-divider-separator\">\n\t\t\t\t\t\t<\/span>\n\t\t<\/div>\n\t\t\t\t\t\t<\/div>\n\t\t\t\t<\/div>\n\t\t\t\t\t<\/div>\n\t\t\t\t<\/div>\n\t\t<div class=\"elementor-element elementor-element-13f5f58 e-flex e-con-boxed e-con e-parent\" data-id=\"13f5f58\" data-element_type=\"container\">\n\t\t\t\t\t<div class=\"e-con-inner\">\n\t\t<div class=\"elementor-element elementor-element-8477848 e-con-full e-flex e-con e-child\" data-id=\"8477848\" data-element_type=\"container\">\n\t\t\t\t<div class=\"elementor-element elementor-element-f141e68 elementor-widget elementor-widget-image\" data-id=\"f141e68\" data-element_type=\"widget\" data-widget_type=\"image.default\">\n\t\t\t\t<div class=\"elementor-widget-container\">\n\t\t\t\t\t\t\t\t\t\t\t\t\t\t\t<img fetchpriority=\"high\" decoding=\"async\" width=\"684\" height=\"1024\" src=\"https:\/\/toradio.it\/new\/wp-content\/uploads\/2024\/05\/LALU_-684x1024.jpg\" class=\"attachment-large size-large wp-image-11077\" alt=\"\" srcset=\"https:\/\/toradio.it\/new\/wp-content\/uploads\/2024\/05\/LALU_-684x1024.jpg 684w, https:\/\/toradio.it\/new\/wp-content\/uploads\/2024\/05\/LALU_-200x300.jpg 200w, https:\/\/toradio.it\/new\/wp-content\/uploads\/2024\/05\/LALU_-768x1151.jpg 768w, https:\/\/toradio.it\/new\/wp-content\/uploads\/2024\/05\/LALU_-1025x1536.jpg 1025w, https:\/\/toradio.it\/new\/wp-content\/uploads\/2024\/05\/LALU_-1367x2048.jpg 1367w, https:\/\/toradio.it\/new\/wp-content\/uploads\/2024\/05\/LALU_-600x899.jpg 600w, https:\/\/toradio.it\/new\/wp-content\/uploads\/2024\/05\/LALU_-scaled.jpg 1709w\" sizes=\"(max-width: 684px) 100vw, 684px\" \/>\t\t\t\t\t\t\t\t\t\t\t\t\t\t\t<\/div>\n\t\t\t\t<\/div>\n\t\t\t\t<\/div>\n\t\t<div class=\"elementor-element elementor-element-55a6918 e-con-full e-flex e-con e-child\" data-id=\"55a6918\" data-element_type=\"container\">\n\t\t<div class=\"elementor-element elementor-element-11e93b8 e-con-full e-flex e-con e-child\" data-id=\"11e93b8\" data-element_type=\"container\">\n\t\t\t\t<div class=\"elementor-element elementor-element-dd896e4 elementor-widget elementor-widget-heading\" data-id=\"dd896e4\" data-element_type=\"widget\" data-widget_type=\"heading.default\">\n\t\t\t\t<div class=\"elementor-widget-container\">\n\t\t\t\t\t<h2 class=\"elementor-heading-title elementor-size-default\">Luisa \"Lal\u00f9\" Drogo<\/h2>\t\t\t\t<\/div>\n\t\t\t\t<\/div>\n\t\t\t\t<\/div>\n\t\t<div class=\"elementor-element elementor-element-92c80ba e-con-full e-flex e-con e-child\" data-id=\"92c80ba\" data-element_type=\"container\">\n\t\t\t\t<div class=\"elementor-element elementor-element-c047912 elementor-widget elementor-widget-text-editor\" data-id=\"c047912\" data-element_type=\"widget\" data-widget_type=\"text-editor.default\">\n\t\t\t\t<div class=\"elementor-widget-container\">\n\t\t\t\t\t\t\t\t\t<p><strong>In onda ogni giorno, dal luned\u00ec al venerd\u00ec dalle 17 alle 19 in &#8220;Zona Comfort&#8221;.<\/strong><\/p><p>\u00a0<\/p><p><strong>Nome<\/strong>:<\/p><p>Luisa Drogo<\/p><p><strong>Nome d\u2019arte<\/strong>:<br \/>Lal\u00f9<\/p><p><strong>Motto<\/strong>:<br \/>Sii il cambiamento che vuoi dal mondo (ma l\u2019ho copiato\u2026)<\/p><p><strong>Segno zodiacale<\/strong>:<br \/>Scorpione che non ci crede abbastanza<\/p><p><strong>Tratto distintivo<\/strong>:<br \/>Miopia + frangetta<\/p><p><strong>Non riuscirei a vivere senza<\/strong>:<br \/>La musica<\/p><p><strong>Colore preferito<\/strong>:<br \/>Blu<\/p><p><strong>Nel mio frigorifero non mancano mai<\/strong>:<br \/>Le uova<\/p><p><strong>Animale preferito<\/strong>:<br \/>Tutti<\/p><p><strong>Dei 365 giorni preferisco sicuramente<\/strong>:<br \/>Quelli in cui vado in onda<\/p><p><strong>Amo<\/strong>:<br \/>I suoni, i profumi, i pinguini, le chitarre, i dr marteens, il mare<\/p><p><strong>Quando ho iniziato a far parte della radio<\/strong>:<br \/>Da quando \u00e8 nata TOradio, in qualit\u00e0 di entusiasta<\/p><p><strong>Per fortuna hanno inventato<\/strong>:<br \/>La radio<\/p><p><strong>Una radio non pu\u00f2 vivere senza<\/strong>:<br \/>La musica<\/p><p><strong>Se fossi\u2026sarei:<\/strong><br \/>Se fossi una stanza sarei una cucina<\/p>\t\t\t\t\t\t\t\t<\/div>\n\t\t\t\t<\/div>\n\t\t\t\t<\/div>\n\t\t\t\t<\/div>\n\t\t\t\t\t<\/div>\n\t\t\t\t<\/div>\n\t\t\t\t<\/div>\n\t\t","protected":false},"excerpt":{"rendered":"<p>ascolta per scoprire di pi\u00f9 su&#8230; Luisa &#8220;Lal\u00f9&#8221; Drogo In onda ogni giorno, dal luned\u00ec al venerd\u00ec dalle 17 alle 19 in &#8220;Zona Comfort&#8221;. \u00a0 Nome: Luisa Drogo Nome d\u2019arte:Lal\u00f9 Motto:Sii il cambiamento che vuoi dal mondo (ma l\u2019ho copiato\u2026) Segno zodiacale:Scorpione che non ci crede abbastanza Tratto distintivo:Miopia + frangetta Non riuscirei a vivere [&hellip;]<\/p>\n","protected":false},"author":1,"featured_media":0,"parent":0,"menu_order":0,"comment_status":"closed","ping_status":"closed","template":"elementor_theme","meta":{"footnotes":""},"class_list":["post-11124","page","type-page","status-publish","hentry"],"_links":{"self":[{"href":"https:\/\/toradio.it\/new\/wp-json\/wp\/v2\/pages\/11124","targetHints":{"allow":["GET"]}}],"collection":[{"href":"https:\/\/toradio.it\/new\/wp-json\/wp\/v2\/pages"}],"about":[{"href":"https:\/\/toradio.it\/new\/wp-json\/wp\/v2\/types\/page"}],"author":[{"embeddable":true,"href":"https:\/\/toradio.it\/new\/wp-json\/wp\/v2\/users\/1"}],"replies":[{"embeddable":true,"href":"https:\/\/toradio.it\/new\/wp-json\/wp\/v2\/comments?post=11124"}],"version-history":[{"count":4,"href":"https:\/\/toradio.it\/new\/wp-json\/wp\/v2\/pages\/11124\/revisions"}],"predecessor-version":[{"id":11177,"href":"https:\/\/toradio.it\/new\/wp-json\/wp\/v2\/pages\/11124\/revisions\/11177"}],"wp:attachment":[{"href":"https:\/\/toradio.it\/new\/wp-json\/wp\/v2\/media?parent=11124"}],"curies":[{"name":"wp","href":"https:\/\/api.w.org\/{rel}","templated":true}]}}