{"id":11122,"date":"2025-03-19T08:42:30","date_gmt":"2025-03-19T08:42:30","guid":{"rendered":"https:\/\/toradio.it\/new\/?page_id=11122"},"modified":"2025-03-19T12:16:16","modified_gmt":"2025-03-19T12:16:16","slug":"graziella-grace-porro","status":"publish","type":"page","link":"https:\/\/toradio.it\/new\/graziella-grace-porro\/","title":{"rendered":"Graziella &#8220;Grace&#8221; porro"},"content":{"rendered":"\t\t<div data-elementor-type=\"wp-page\" data-elementor-id=\"11122\" class=\"elementor elementor-11122\">\n\t\t\t\t<div class=\"elementor-element elementor-element-98c66c7 e-grid e-con-boxed e-con e-parent\" data-id=\"98c66c7\" data-element_type=\"container\">\n\t\t\t\t\t<div class=\"e-con-inner\">\n\t\t\t\t<div class=\"elementor-element elementor-element-acd2579 elementor-widget elementor-widget-radio_player\" data-id=\"acd2579\" data-element_type=\"widget\" data-widget_type=\"radio_player.default\">\n\t\t\t\t<div class=\"elementor-widget-container\">\n\t\t\t\t\t<div class=\"aligncenter\"><div class=\"radio_player\" data-player-type=\"shortcode\"data-data=\"eyJpZCI6NywidGl0bGUiOiJHcmFjZSIsInN0aWNreSI6ZmFsc2UsInN0YXR1cyI6dHJ1ZSwic2tpbiI6InNraW4zIiwic3RhdGlvbnMiOlt7InRpdGxlIjoiR3JhemllbGxhIFwiR3JhY2VcIiBQb3JybyIsInN0cmVhbSI6Imh0dHBzOlwvXC90b3JhZGlvLml0XC9uZXdcL3dwLWNvbnRlbnRcL3VwbG9hZHNcLzIwMjVcLzAzXC9JbnRlcnZpc3RhLUdyYWNlLm1wMyIsInRodW1ibmFpbCI6Imh0dHBzOlwvXC90b3JhZGlvLml0XC9uZXdcL3dwLWNvbnRlbnRcL3VwbG9hZHNcLzIwMjVcLzAzXC9jcm9wcGVkLVRPUkFESU9faW1nLXByb2ZpbG9fNTEycHgtMS0xLnBuZyJ9XSwicG9wdXBfaWNvbiI6ZmFsc2UsInBsYXlsaXN0X2ljb24iOmZhbHNlLCJoaXN0b3J5X2ljb24iOmZhbHNlLCJ2b2x1bWVfY29udHJvbCI6dHJ1ZSwicGxheWVyX3N0YXR1cyI6ZmFsc2UsInNob3dfYXJ0aXN0IjpmYWxzZSwic2hvd19hcnR3b3JrIjpmYWxzZSwicGxheWVyX3RleHQiOiJMaXN0ZW4gTGl2ZSIsIndpZHRoIjoxMDAwLCJ3aWR0aF9tb2JpbGUiOjMwMCwiYm9yZGVyX3JhZGl1cyI6NSwiYmdfY29sb3IiOiIjZjRmN2Y5IiwiYmdfaW1hZ2UiOiJodHRwczpcL1wvdG9yYWRpby5pdFwvbmV3XC93cC1jb250ZW50XC9wbHVnaW5zXC9yYWRpby1wbGF5ZXJcL2Fzc2V0c1wvaW1hZ2VzXC9wbGF5ZXItYmcucG5nIiwiYmdfdHlwZSI6ImNvbG9yIiwiY29sb3JfdHlwZSI6InNvbGlkIiwidGV4dF9jb2xvciI6IiM1QzYzN0UiLCJib3hfc2hhZG93IjpmYWxzZSwiYm94X3NoYWRvd19oIjowLCJib3hfc2hhZG93X3YiOjAsImJveF9zaGFkb3dfYmx1ciI6MCwiYm94X3NoYWRvd19zcHJlYWQiOjAsImJveF9zaGFkb3dfY29sb3IiOiJyZ2JhKDAsIDAsIDAsIC41KSIsImJveF9zaGFkb3dfdHlwZSI6IiJ9\"><\/div><\/div>\t\t\t\t<\/div>\n\t\t\t\t<\/div>\n\t\t\t\t<div class=\"elementor-element elementor-element-17913f8 elementor-widget elementor-widget-heading\" data-id=\"17913f8\" data-element_type=\"widget\" data-widget_type=\"heading.default\">\n\t\t\t\t<div class=\"elementor-widget-container\">\n\t\t\t\t\t<h3 class=\"elementor-heading-title elementor-size-default\">ascolta per scoprire di pi\u00f9 su...<\/h3>\t\t\t\t<\/div>\n\t\t\t\t<\/div>\n\t\t\t\t\t<\/div>\n\t\t\t\t<\/div>\n\t\t<div class=\"elementor-element elementor-element-3abd552 e-flex e-con-boxed e-con e-parent\" data-id=\"3abd552\" data-element_type=\"container\">\n\t\t\t\t\t<div class=\"e-con-inner\">\n\t\t\t\t<div class=\"elementor-element elementor-element-0adb46b elementor-widget-divider--view-line elementor-widget elementor-widget-divider\" data-id=\"0adb46b\" data-element_type=\"widget\" data-widget_type=\"divider.default\">\n\t\t\t\t<div class=\"elementor-widget-container\">\n\t\t\t\t\t\t\t<div class=\"elementor-divider\">\n\t\t\t<span class=\"elementor-divider-separator\">\n\t\t\t\t\t\t<\/span>\n\t\t<\/div>\n\t\t\t\t\t\t<\/div>\n\t\t\t\t<\/div>\n\t\t\t\t\t<\/div>\n\t\t\t\t<\/div>\n\t\t<div class=\"elementor-element elementor-element-13f5f58 e-flex e-con-boxed e-con e-parent\" data-id=\"13f5f58\" data-element_type=\"container\">\n\t\t\t\t\t<div class=\"e-con-inner\">\n\t\t<div class=\"elementor-element elementor-element-8477848 e-con-full e-flex e-con e-child\" data-id=\"8477848\" data-element_type=\"container\">\n\t\t\t\t<div class=\"elementor-element elementor-element-f141e68 elementor-widget elementor-widget-image\" data-id=\"f141e68\" data-element_type=\"widget\" data-widget_type=\"image.default\">\n\t\t\t\t<div class=\"elementor-widget-container\">\n\t\t\t\t\t\t\t\t\t\t\t\t\t\t\t<img fetchpriority=\"high\" decoding=\"async\" width=\"673\" height=\"1024\" src=\"https:\/\/toradio.it\/new\/wp-content\/uploads\/2025\/03\/GRACE-673x1024.jpg\" class=\"attachment-large size-large wp-image-11094\" alt=\"\" srcset=\"https:\/\/toradio.it\/new\/wp-content\/uploads\/2025\/03\/GRACE-673x1024.jpg 673w, https:\/\/toradio.it\/new\/wp-content\/uploads\/2025\/03\/GRACE-197x300.jpg 197w, https:\/\/toradio.it\/new\/wp-content\/uploads\/2025\/03\/GRACE-768x1169.jpg 768w, https:\/\/toradio.it\/new\/wp-content\/uploads\/2025\/03\/GRACE-1010x1536.jpg 1010w, https:\/\/toradio.it\/new\/wp-content\/uploads\/2025\/03\/GRACE-1346x2048.jpg 1346w, https:\/\/toradio.it\/new\/wp-content\/uploads\/2025\/03\/GRACE-600x913.jpg 600w, https:\/\/toradio.it\/new\/wp-content\/uploads\/2025\/03\/GRACE-scaled.jpg 1683w\" sizes=\"(max-width: 673px) 100vw, 673px\" \/>\t\t\t\t\t\t\t\t\t\t\t\t\t\t\t<\/div>\n\t\t\t\t<\/div>\n\t\t\t\t<\/div>\n\t\t<div class=\"elementor-element elementor-element-55a6918 e-con-full e-flex e-con e-child\" data-id=\"55a6918\" data-element_type=\"container\">\n\t\t<div class=\"elementor-element elementor-element-11e93b8 e-con-full e-flex e-con e-child\" data-id=\"11e93b8\" data-element_type=\"container\">\n\t\t\t\t<div class=\"elementor-element elementor-element-dd896e4 elementor-widget elementor-widget-heading\" data-id=\"dd896e4\" data-element_type=\"widget\" data-widget_type=\"heading.default\">\n\t\t\t\t<div class=\"elementor-widget-container\">\n\t\t\t\t\t<h2 class=\"elementor-heading-title elementor-size-default\">Graziella \"Grace\" Porro<\/h2>\t\t\t\t<\/div>\n\t\t\t\t<\/div>\n\t\t\t\t<\/div>\n\t\t<div class=\"elementor-element elementor-element-92c80ba e-con-full e-flex e-con e-child\" data-id=\"92c80ba\" data-element_type=\"container\">\n\t\t\t\t<div class=\"elementor-element elementor-element-c047912 elementor-widget elementor-widget-text-editor\" data-id=\"c047912\" data-element_type=\"widget\" data-widget_type=\"text-editor.default\">\n\t\t\t\t<div class=\"elementor-widget-container\">\n\t\t\t\t\t\t\t\t\t<p><strong>In onda ogni giorno, dal luned\u00ec al venerd\u00ec dalle 9 alle 12 in &#8220;Graceland&#8221;.<\/strong><\/p><p>\u00a0<\/p><p><strong>Nome<\/strong>:<\/p><p>Graziella Porro<\/p><p><strong>Nome d\u2019arte<\/strong>:<br \/>Grace<\/p><p><strong>Motto<\/strong>:<br \/>Se vuoi ce la fai<\/p><p><strong>Segno zodiacale<\/strong>:<br \/>Acquario<\/p><p><strong>Tratto distintivo<\/strong>:<br \/>Sono troppo simpatica<\/p><p><strong>Non riuscirei a vivere senza<\/strong>:<br \/>La musica<\/p><p><strong>Colore preferito<\/strong>:<br \/>Nero<\/p><p><strong>Nel mio frigorifero non manca mai<\/strong>:<br \/>Tutto<\/p><p><strong>Animale preferito<\/strong>:<br \/>Cane, cavallo, lupo, tigre<\/p><p><strong>Dei 365 giorni preferisco sicuramente:<\/strong><br \/>\u2026\u2026..<\/p><p><strong>Amo<\/strong>:<br \/>Mio figlio e i miei animali<\/p><p><strong>Quando ho iniziato a far parte della radio<\/strong>:<br \/>Nel 1975<\/p><p><strong>Per fortuna hanno inventato<\/strong>:<br \/>Auto, computer, vino con le bollicine<\/p><p><strong>Una radio non pu\u00f2 vivere senza<\/strong>:<br \/>Buona musica e parole intelligenti<\/p><p><strong>Se fossi\u2026sarei<\/strong>:<br \/>Se fossi alta e bona, farei la qualunque<\/p>\t\t\t\t\t\t\t\t<\/div>\n\t\t\t\t<\/div>\n\t\t\t\t<\/div>\n\t\t\t\t<\/div>\n\t\t\t\t\t<\/div>\n\t\t\t\t<\/div>\n\t\t\t\t<\/div>\n\t\t","protected":false},"excerpt":{"rendered":"<p>ascolta per scoprire di pi\u00f9 su&#8230; Graziella &#8220;Grace&#8221; Porro In onda ogni giorno, dal luned\u00ec al venerd\u00ec dalle 9 alle 12 in &#8220;Graceland&#8221;. \u00a0 Nome: Graziella Porro Nome d\u2019arte:Grace Motto:Se vuoi ce la fai Segno zodiacale:Acquario Tratto distintivo:Sono troppo simpatica Non riuscirei a vivere senza:La musica Colore preferito:Nero Nel mio frigorifero non manca mai:Tutto Animale [&hellip;]<\/p>\n","protected":false},"author":1,"featured_media":0,"parent":0,"menu_order":0,"comment_status":"closed","ping_status":"closed","template":"elementor_theme","meta":{"footnotes":""},"class_list":["post-11122","page","type-page","status-publish","hentry"],"_links":{"self":[{"href":"https:\/\/toradio.it\/new\/wp-json\/wp\/v2\/pages\/11122","targetHints":{"allow":["GET"]}}],"collection":[{"href":"https:\/\/toradio.it\/new\/wp-json\/wp\/v2\/pages"}],"about":[{"href":"https:\/\/toradio.it\/new\/wp-json\/wp\/v2\/types\/page"}],"author":[{"embeddable":true,"href":"https:\/\/toradio.it\/new\/wp-json\/wp\/v2\/users\/1"}],"replies":[{"embeddable":true,"href":"https:\/\/toradio.it\/new\/wp-json\/wp\/v2\/comments?post=11122"}],"version-history":[{"count":7,"href":"https:\/\/toradio.it\/new\/wp-json\/wp\/v2\/pages\/11122\/revisions"}],"predecessor-version":[{"id":11174,"href":"https:\/\/toradio.it\/new\/wp-json\/wp\/v2\/pages\/11122\/revisions\/11174"}],"wp:attachment":[{"href":"https:\/\/toradio.it\/new\/wp-json\/wp\/v2\/media?parent=11122"}],"curies":[{"name":"wp","href":"https:\/\/api.w.org\/{rel}","templated":true}]}}