{"id":11120,"date":"2025-03-19T08:41:58","date_gmt":"2025-03-19T08:41:58","guid":{"rendered":"https:\/\/toradio.it\/new\/?page_id=11120"},"modified":"2025-03-20T07:55:41","modified_gmt":"2025-03-20T07:55:41","slug":"fabio-loco-lo-conte","status":"publish","type":"page","link":"https:\/\/toradio.it\/new\/fabio-loco-lo-conte\/","title":{"rendered":"Fabio &#8220;Loco&#8221; LO Conte"},"content":{"rendered":"\t\t<div data-elementor-type=\"wp-page\" data-elementor-id=\"11120\" class=\"elementor elementor-11120\">\n\t\t\t\t<div class=\"elementor-element elementor-element-98c66c7 e-grid e-con-boxed e-con e-parent\" data-id=\"98c66c7\" data-element_type=\"container\">\n\t\t\t\t\t<div class=\"e-con-inner\">\n\t\t\t\t<div class=\"elementor-element elementor-element-acd2579 elementor-widget elementor-widget-radio_player\" data-id=\"acd2579\" data-element_type=\"widget\" data-widget_type=\"radio_player.default\">\n\t\t\t\t<div class=\"elementor-widget-container\">\n\t\t\t\t\t<div class=\"aligncenter\"><div class=\"radio_player\" data-player-type=\"shortcode\"data-data=\"eyJpZCI6OCwidGl0bGUiOiJMb2NvIiwic3RpY2t5IjpmYWxzZSwic3RhdHVzIjp0cnVlLCJza2luIjoic2tpbjMiLCJzdGF0aW9ucyI6W3sidGl0bGUiOiJGYWJpbyBcIkxvY29cIiBMbyBDb250ZSIsInN0cmVhbSI6Imh0dHBzOlwvXC90b3JhZGlvLml0XC9uZXdcL3dwLWNvbnRlbnRcL3VwbG9hZHNcLzIwMjVcLzAzXC9JbnRlcnZpc3RhLUxvY28ubXAzIiwidGh1bWJuYWlsIjoiaHR0cHM6XC9cL3RvcmFkaW8uaXRcL25ld1wvd3AtY29udGVudFwvdXBsb2Fkc1wvMjAyNVwvMDNcL2Nyb3BwZWQtVE9SQURJT19pbWctcHJvZmlsb181MTJweC0xLTEucG5nIn1dLCJwb3B1cF9pY29uIjpmYWxzZSwicGxheWxpc3RfaWNvbiI6ZmFsc2UsImhpc3RvcnlfaWNvbiI6ZmFsc2UsInZvbHVtZV9jb250cm9sIjp0cnVlLCJwbGF5ZXJfc3RhdHVzIjpmYWxzZSwic2hvd19hcnRpc3QiOmZhbHNlLCJzaG93X2FydHdvcmsiOmZhbHNlLCJwbGF5ZXJfdGV4dCI6Ikxpc3RlbiBMaXZlIiwid2lkdGgiOjEwMDAsIndpZHRoX21vYmlsZSI6MzAwLCJib3JkZXJfcmFkaXVzIjo1LCJiZ19jb2xvciI6IiNmNGY3ZjkiLCJiZ19pbWFnZSI6Imh0dHBzOlwvXC90b3JhZGlvLml0XC9uZXdcL3dwLWNvbnRlbnRcL3BsdWdpbnNcL3JhZGlvLXBsYXllclwvYXNzZXRzXC9pbWFnZXNcL3BsYXllci1iZy5wbmciLCJiZ190eXBlIjoiY29sb3IiLCJjb2xvcl90eXBlIjoic29saWQiLCJ0ZXh0X2NvbG9yIjoiIzVDNjM3RSIsImJveF9zaGFkb3ciOmZhbHNlLCJib3hfc2hhZG93X2giOjAsImJveF9zaGFkb3dfdiI6MCwiYm94X3NoYWRvd19ibHVyIjowLCJib3hfc2hhZG93X3NwcmVhZCI6MCwiYm94X3NoYWRvd19jb2xvciI6InJnYmEoMCwgMCwgMCwgLjUpIiwiYm94X3NoYWRvd190eXBlIjoiIn0=\"><\/div><\/div>\t\t\t\t<\/div>\n\t\t\t\t<\/div>\n\t\t\t\t<div class=\"elementor-element elementor-element-17913f8 elementor-widget elementor-widget-heading\" data-id=\"17913f8\" data-element_type=\"widget\" data-widget_type=\"heading.default\">\n\t\t\t\t<div class=\"elementor-widget-container\">\n\t\t\t\t\t<h3 class=\"elementor-heading-title elementor-size-default\">ascolta per scoprire di pi\u00f9 su...<\/h3>\t\t\t\t<\/div>\n\t\t\t\t<\/div>\n\t\t\t\t\t<\/div>\n\t\t\t\t<\/div>\n\t\t<div class=\"elementor-element elementor-element-3abd552 e-flex e-con-boxed e-con e-parent\" data-id=\"3abd552\" data-element_type=\"container\">\n\t\t\t\t\t<div class=\"e-con-inner\">\n\t\t\t\t<div class=\"elementor-element elementor-element-0adb46b elementor-widget-divider--view-line elementor-widget elementor-widget-divider\" data-id=\"0adb46b\" data-element_type=\"widget\" data-widget_type=\"divider.default\">\n\t\t\t\t<div class=\"elementor-widget-container\">\n\t\t\t\t\t\t\t<div class=\"elementor-divider\">\n\t\t\t<span class=\"elementor-divider-separator\">\n\t\t\t\t\t\t<\/span>\n\t\t<\/div>\n\t\t\t\t\t\t<\/div>\n\t\t\t\t<\/div>\n\t\t\t\t\t<\/div>\n\t\t\t\t<\/div>\n\t\t<div class=\"elementor-element elementor-element-13f5f58 e-flex e-con-boxed e-con e-parent\" data-id=\"13f5f58\" data-element_type=\"container\">\n\t\t\t\t\t<div class=\"e-con-inner\">\n\t\t<div class=\"elementor-element elementor-element-8477848 e-con-full e-flex e-con e-child\" data-id=\"8477848\" data-element_type=\"container\">\n\t\t\t\t<div class=\"elementor-element elementor-element-f141e68 elementor-widget elementor-widget-image\" data-id=\"f141e68\" data-element_type=\"widget\" data-widget_type=\"image.default\">\n\t\t\t\t<div class=\"elementor-widget-container\">\n\t\t\t\t\t\t\t\t\t\t\t\t\t\t\t<img fetchpriority=\"high\" decoding=\"async\" width=\"684\" height=\"1024\" src=\"https:\/\/toradio.it\/new\/wp-content\/uploads\/2024\/05\/LOCO-684x1024.jpg\" class=\"attachment-large size-large wp-image-11078\" alt=\"\" srcset=\"https:\/\/toradio.it\/new\/wp-content\/uploads\/2024\/05\/LOCO-684x1024.jpg 684w, https:\/\/toradio.it\/new\/wp-content\/uploads\/2024\/05\/LOCO-200x300.jpg 200w, https:\/\/toradio.it\/new\/wp-content\/uploads\/2024\/05\/LOCO-768x1151.jpg 768w, https:\/\/toradio.it\/new\/wp-content\/uploads\/2024\/05\/LOCO-1025x1536.jpg 1025w, https:\/\/toradio.it\/new\/wp-content\/uploads\/2024\/05\/LOCO-1367x2048.jpg 1367w, https:\/\/toradio.it\/new\/wp-content\/uploads\/2024\/05\/LOCO-600x899.jpg 600w, https:\/\/toradio.it\/new\/wp-content\/uploads\/2024\/05\/LOCO-scaled.jpg 1709w\" sizes=\"(max-width: 684px) 100vw, 684px\" \/>\t\t\t\t\t\t\t\t\t\t\t\t\t\t\t<\/div>\n\t\t\t\t<\/div>\n\t\t\t\t<\/div>\n\t\t<div class=\"elementor-element elementor-element-55a6918 e-con-full e-flex e-con e-child\" data-id=\"55a6918\" data-element_type=\"container\">\n\t\t<div class=\"elementor-element elementor-element-11e93b8 e-con-full e-flex e-con e-child\" data-id=\"11e93b8\" data-element_type=\"container\">\n\t\t\t\t<div class=\"elementor-element elementor-element-dd896e4 elementor-widget elementor-widget-heading\" data-id=\"dd896e4\" data-element_type=\"widget\" data-widget_type=\"heading.default\">\n\t\t\t\t<div class=\"elementor-widget-container\">\n\t\t\t\t\t<h2 class=\"elementor-heading-title elementor-size-default\">Fabio \"Loco\" Lo Conte<\/h2>\t\t\t\t<\/div>\n\t\t\t\t<\/div>\n\t\t\t\t<\/div>\n\t\t<div class=\"elementor-element elementor-element-92c80ba e-con-full e-flex e-con e-child\" data-id=\"92c80ba\" data-element_type=\"container\">\n\t\t\t\t<div class=\"elementor-element elementor-element-c047912 elementor-widget elementor-widget-text-editor\" data-id=\"c047912\" data-element_type=\"widget\" data-widget_type=\"text-editor.default\">\n\t\t\t\t<div class=\"elementor-widget-container\">\n\t\t\t\t\t\t\t\t\t<p><strong>In onda ogni giorno, dal luned\u00ec al venerd\u00ec dalle 7 alle 9 in &#8220;Wake Up&#8221;.<\/strong><\/p><p>\u00a0<\/p><p><strong>Nome<\/strong>:<\/p><p>Fabio Lo Conte<\/p><p><strong>Nome d\u2019arte<\/strong>:<br \/>Loco<\/p><p><strong>Motto<\/strong>:<br \/>Viva gli sposi<\/p><p><strong>Segno zodiacale<\/strong>:<br \/>Scorpione<\/p><p><strong>Tratto distintivo<\/strong>:<br \/>Dire stronzate<\/p><p><strong>Non riuscirei a vivere senza<\/strong>:<br \/>Il Napoli<\/p><p><strong>Colore preferito<\/strong>:<br \/>Azzurro<\/p><p><strong>Nel mio frigorifero non manca mai<\/strong>:<br \/>La birra<\/p><p><strong>Animale preferito<\/strong>:<br \/>Furetto<\/p><p><strong>Dei 365 giorni preferisco sicuramente<\/strong>:<br \/>Il mio compleanno<\/p><p><strong>Amo<\/strong>:<br \/>La pizza e il sushi<\/p><p><strong>Quando ho iniziato a far parte radio<\/strong>:<br \/>Dal 2015<\/p><p><strong>Per fortuna hanno inventato<\/strong>:<br \/>I cibi pronti<\/p><p><strong>Una radio non pu\u00f2 vivere senza<\/strong>:<br \/>Allegria<\/p><p><strong>Se fossi\u2026sarei<\/strong>:<br \/>Se fossi un musicista,\u00a0 sarei un chitarrista<\/p>\t\t\t\t\t\t\t\t<\/div>\n\t\t\t\t<\/div>\n\t\t\t\t<\/div>\n\t\t\t\t<\/div>\n\t\t\t\t\t<\/div>\n\t\t\t\t<\/div>\n\t\t\t\t<\/div>\n\t\t","protected":false},"excerpt":{"rendered":"<p>ascolta per scoprire di pi\u00f9 su&#8230; Fabio &#8220;Loco&#8221; Lo Conte In onda ogni giorno, dal luned\u00ec al venerd\u00ec dalle 7 alle 9 in &#8220;Wake Up&#8221;. \u00a0 Nome: Fabio Lo Conte Nome d\u2019arte:Loco Motto:Viva gli sposi Segno zodiacale:Scorpione Tratto distintivo:Dire stronzate Non riuscirei a vivere senza:Il Napoli Colore preferito:Azzurro Nel mio frigorifero non manca mai:La birra [&hellip;]<\/p>\n","protected":false},"author":1,"featured_media":0,"parent":0,"menu_order":0,"comment_status":"closed","ping_status":"closed","template":"elementor_theme","meta":{"footnotes":""},"class_list":["post-11120","page","type-page","status-publish","hentry"],"_links":{"self":[{"href":"https:\/\/toradio.it\/new\/wp-json\/wp\/v2\/pages\/11120","targetHints":{"allow":["GET"]}}],"collection":[{"href":"https:\/\/toradio.it\/new\/wp-json\/wp\/v2\/pages"}],"about":[{"href":"https:\/\/toradio.it\/new\/wp-json\/wp\/v2\/types\/page"}],"author":[{"embeddable":true,"href":"https:\/\/toradio.it\/new\/wp-json\/wp\/v2\/users\/1"}],"replies":[{"embeddable":true,"href":"https:\/\/toradio.it\/new\/wp-json\/wp\/v2\/comments?post=11120"}],"version-history":[{"count":7,"href":"https:\/\/toradio.it\/new\/wp-json\/wp\/v2\/pages\/11120\/revisions"}],"predecessor-version":[{"id":11171,"href":"https:\/\/toradio.it\/new\/wp-json\/wp\/v2\/pages\/11120\/revisions\/11171"}],"wp:attachment":[{"href":"https:\/\/toradio.it\/new\/wp-json\/wp\/v2\/media?parent=11120"}],"curies":[{"name":"wp","href":"https:\/\/api.w.org\/{rel}","templated":true}]}}